{"id":21566,"date":"2025-03-27T20:07:30","date_gmt":"2025-03-27T20:07:30","guid":{"rendered":"https:\/\/stanleys.com.br\/hair\/?page_id=21566"},"modified":"2025-04-03T19:21:37","modified_gmt":"2025-04-03T19:21:37","slug":"lp-cap-v13","status":"publish","type":"page","link":"https:\/\/stanleys.com.br\/hair\/","title":{"rendered":"LP Cap v13"},"content":{"rendered":"\t\t<div data-elementor-type=\"wp-page\" data-elementor-id=\"21566\" class=\"elementor elementor-21566\" data-elementor-post-type=\"page\">\n\t\t\t\t<div class=\"elementor-element elementor-element-1e3d873 e-flex e-con-boxed e-con e-parent\" data-id=\"1e3d873\" data-element_type=\"container\" data-e-type=\"container\" data-settings=\"{&quot;background_background&quot;:&quot;classic&quot;}\">\n\t\t\t\t\t<div class=\"e-con-inner\">\n\t\t\t\t<div class=\"elementor-element elementor-element-87d0855 elementor-widget elementor-widget-heading\" data-id=\"87d0855\" data-element_type=\"widget\" data-e-type=\"widget\" data-widget_type=\"heading.default\">\n\t\t\t\t<div class=\"elementor-widget-container\">\n\t\t\t\t\t<h2 class=\"elementor-heading-title elementor-size-default\">\u00daltimas <b>05 vagas<\/b> na Promo do Consumidor\u00a0<Br><big><b>CORRE<\/b><\/big><\/h2>\t\t\t\t<\/div>\n\t\t\t\t<\/div>\n\t\t\t\t<div class=\"elementor-element elementor-element-40272b4 elementor-hidden-desktop elementor-hidden-tablet elementor-hidden-mobile elementor-countdown--label-block elementor-widget elementor-widget-countdown\" data-id=\"40272b4\" data-element_type=\"widget\" data-e-type=\"widget\" data-widget_type=\"countdown.default\">\n\t\t\t\t<div class=\"elementor-widget-container\">\n\t\t\t\t\t\t\t<div data-evergreen-interval=\"1740\" class=\"elementor-countdown-wrapper\" data-date=\"\">\n\t\t\t<div class=\"elementor-countdown-item\"><span class=\"elementor-countdown-digits elementor-countdown-hours\"><\/span><\/div><div class=\"elementor-countdown-item\"><span class=\"elementor-countdown-digits elementor-countdown-minutes\"><\/span><\/div><div class=\"elementor-countdown-item\"><span class=\"elementor-countdown-digits elementor-countdown-seconds\"><\/span><\/div>\t\t<\/div>\n\t\t\t\t\t\t<\/div>\n\t\t\t\t<\/div>\n\t\t\t\t\t<\/div>\n\t\t\t\t<\/div>\n\t\t<div class=\"elementor-element elementor-element-cb5e24e e-flex e-con-boxed e-con e-parent\" data-id=\"cb5e24e\" data-element_type=\"container\" data-e-type=\"container\" data-settings=\"{&quot;background_background&quot;:&quot;classic&quot;}\">\n\t\t\t\t\t<div class=\"e-con-inner\">\n\t\t\t\t<div class=\"elementor-element elementor-element-525e1e8 elementor-hidden-tablet elementor-hidden-mobile elementor-widget elementor-widget-image\" data-id=\"525e1e8\" data-element_type=\"widget\" data-e-type=\"widget\" data-widget_type=\"image.default\">\n\t\t\t\t<div class=\"elementor-widget-container\">\n\t\t\t\t\t\t\t\t\t\t\t\t\t\t\t<img decoding=\"async\" width=\"1336\" height=\"31\" src=\"https:\/\/stanleys.com.br\/hair\/wp-content\/uploads\/2025\/03\/Group-610-2.png\" class=\"attachment-full size-full wp-image-21377\" alt=\"\" srcset=\"https:\/\/stanleys.com.br\/hair\/wp-content\/uploads\/2025\/03\/Group-610-2.png 1336w, https:\/\/stanleys.com.br\/hair\/wp-content\/uploads\/2025\/03\/Group-610-2-300x7.png 300w, https:\/\/stanleys.com.br\/hair\/wp-content\/uploads\/2025\/03\/Group-610-2-1024x24.png 1024w, https:\/\/stanleys.com.br\/hair\/wp-content\/uploads\/2025\/03\/Group-610-2-768x18.png 768w\" sizes=\"(max-width: 1336px) 100vw, 1336px\" \/>\t\t\t\t\t\t\t\t\t\t\t\t\t\t\t<\/div>\n\t\t\t\t<\/div>\n\t\t\t\t<div class=\"elementor-element elementor-element-80179c5 elementor-hidden-desktop elementor-widget elementor-widget-image\" data-id=\"80179c5\" data-element_type=\"widget\" data-e-type=\"widget\" data-widget_type=\"image.default\">\n\t\t\t\t<div class=\"elementor-widget-container\">\n\t\t\t\t\t\t\t\t\t\t\t\t\t\t\t<img decoding=\"async\" width=\"416\" height=\"16\" src=\"https:\/\/stanleys.com.br\/hair\/wp-content\/uploads\/2025\/03\/group_612.webp\" class=\"attachment-full size-full wp-image-21391\" alt=\"\" srcset=\"https:\/\/stanleys.com.br\/hair\/wp-content\/uploads\/2025\/03\/group_612.webp 416w, https:\/\/stanleys.com.br\/hair\/wp-content\/uploads\/2025\/03\/group_612-300x12.webp 300w\" sizes=\"(max-width: 416px) 100vw, 416px\" \/>\t\t\t\t\t\t\t\t\t\t\t\t\t\t\t<\/div>\n\t\t\t\t<\/div>\n\t\t<div class=\"elementor-element elementor-element-32da8c2 e-con-full e-flex e-con e-child\" data-id=\"32da8c2\" data-element_type=\"container\" data-e-type=\"container\">\n\t\t<div class=\"elementor-element elementor-element-6169d98 e-con-full e-flex e-con e-child\" data-id=\"6169d98\" data-element_type=\"container\" data-e-type=\"container\">\n\t\t\t\t<div class=\"elementor-element elementor-element-7601016 elementor-widget elementor-widget-image\" data-id=\"7601016\" data-element_type=\"widget\" data-e-type=\"widget\" data-widget_type=\"image.default\">\n\t\t\t\t<div class=\"elementor-widget-container\">\n\t\t\t\t\t\t\t\t\t\t\t\t\t\t\t<img fetchpriority=\"high\" decoding=\"async\" width=\"1810\" height=\"2560\" src=\"https:\/\/stanleys.com.br\/hair\/wp-content\/uploads\/2025\/03\/rectangle_138-scaled.webp\" class=\"attachment-full size-full wp-image-21569\" alt=\"\" srcset=\"https:\/\/stanleys.com.br\/hair\/wp-content\/uploads\/2025\/03\/rectangle_138-scaled.webp 1810w, https:\/\/stanleys.com.br\/hair\/wp-content\/uploads\/2025\/03\/rectangle_138-212x300.webp 212w, https:\/\/stanleys.com.br\/hair\/wp-content\/uploads\/2025\/03\/rectangle_138-724x1024.webp 724w, https:\/\/stanleys.com.br\/hair\/wp-content\/uploads\/2025\/03\/rectangle_138-768x1086.webp 768w, https:\/\/stanleys.com.br\/hair\/wp-content\/uploads\/2025\/03\/rectangle_138-1086x1536.webp 1086w, https:\/\/stanleys.com.br\/hair\/wp-content\/uploads\/2025\/03\/rectangle_138-1448x2048.webp 1448w\" sizes=\"(max-width: 1810px) 100vw, 1810px\" \/>\t\t\t\t\t\t\t\t\t\t\t\t\t\t\t<\/div>\n\t\t\t\t<\/div>\n\t\t\t\t<\/div>\n\t\t<div class=\"elementor-element elementor-element-0b1aac7 e-con-full e-flex e-con e-child\" data-id=\"0b1aac7\" data-element_type=\"container\" data-e-type=\"container\">\n\t\t\t\t<div class=\"elementor-element elementor-element-39a0857 elementor-widget__width-inherit elementor-widget elementor-widget-image-box\" data-id=\"39a0857\" data-element_type=\"widget\" data-e-type=\"widget\" data-widget_type=\"image-box.default\">\n\t\t\t\t<div class=\"elementor-widget-container\">\n\t\t\t\t\t<div class=\"elementor-image-box-wrapper\"><div class=\"elementor-image-box-content\"><h3 class=\"elementor-image-box-title\">Recupere seu cabelo com quem j\u00e1 transformou mais de 100 mil vidas.<\/h3><p class=\"elementor-image-box-description\">A <b>Stanley\u2019s Hair \u00e9 a cl\u00ednica n\u00ba 1 no Brasil e no mundo<\/b> quando o assunto \u00e9 calv\u00edcie, e garante:<\/p><\/div><\/div>\t\t\t\t<\/div>\n\t\t\t\t<\/div>\n\t\t\t\t<div class=\"elementor-element elementor-element-8ad67b6 elementor-icon-list--layout-traditional elementor-list-item-link-full_width elementor-widget elementor-widget-icon-list\" data-id=\"8ad67b6\" data-element_type=\"widget\" data-e-type=\"widget\" data-widget_type=\"icon-list.default\">\n\t\t\t\t<div class=\"elementor-widget-container\">\n\t\t\t\t\t\t\t<ul class=\"elementor-icon-list-items\">\n\t\t\t\t\t\t\t<li class=\"elementor-icon-list-item\">\n\t\t\t\t\t\t\t\t\t\t\t<span class=\"elementor-icon-list-icon\">\n\t\t\t\t\t\t\t<svg aria-hidden=\"true\" class=\"e-font-icon-svg e-far-check-square\" viewBox=\"0 0 448 512\" xmlns=\"http:\/\/www.w3.org\/2000\/svg\"><path d=\"M400 32H48C21.49 32 0 53.49 0 80v352c0 26.51 21.49 48 48 48h352c26.51 0 48-21.49 48-48V80c0-26.51-21.49-48-48-48zm0 400H48V80h352v352zm-35.864-241.724L191.547 361.48c-4.705 4.667-12.303 4.637-16.97-.068l-90.781-91.516c-4.667-4.705-4.637-12.303.069-16.971l22.719-22.536c4.705-4.667 12.303-4.637 16.97.069l59.792 60.277 141.352-140.216c4.705-4.667 12.303-4.637 16.97.068l22.536 22.718c4.667 4.706 4.637 12.304-.068 16.971z\"><\/path><\/svg>\t\t\t\t\t\t<\/span>\n\t\t\t\t\t\t\t\t\t\t<span class=\"elementor-icon-list-text\">Procedimento com tecnologia exclusiva IFUEMAX<\/span>\n\t\t\t\t\t\t\t\t\t<\/li>\n\t\t\t\t\t\t\t\t<li class=\"elementor-icon-list-item\">\n\t\t\t\t\t\t\t\t\t\t\t<span class=\"elementor-icon-list-icon\">\n\t\t\t\t\t\t\t<svg aria-hidden=\"true\" class=\"e-font-icon-svg e-far-check-square\" viewBox=\"0 0 448 512\" xmlns=\"http:\/\/www.w3.org\/2000\/svg\"><path d=\"M400 32H48C21.49 32 0 53.49 0 80v352c0 26.51 21.49 48 48 48h352c26.51 0 48-21.49 48-48V80c0-26.51-21.49-48-48-48zm0 400H48V80h352v352zm-35.864-241.724L191.547 361.48c-4.705 4.667-12.303 4.637-16.97-.068l-90.781-91.516c-4.667-4.705-4.637-12.303.069-16.971l22.719-22.536c4.705-4.667 12.303-4.637 16.97.069l59.792 60.277 141.352-140.216c4.705-4.667 12.303-4.637 16.97.068l22.536 22.718c4.667 4.706 4.637 12.304-.068 16.971z\"><\/path><\/svg>\t\t\t\t\t\t<\/span>\n\t\t\t\t\t\t\t\t\t\t<span class=\"elementor-icon-list-text\">Resultados naturais, sem limite de fol\u00edculos<\/span>\n\t\t\t\t\t\t\t\t\t<\/li>\n\t\t\t\t\t\t\t\t<li class=\"elementor-icon-list-item\">\n\t\t\t\t\t\t\t\t\t\t\t<span class=\"elementor-icon-list-icon\">\n\t\t\t\t\t\t\t<svg aria-hidden=\"true\" class=\"e-font-icon-svg e-far-check-square\" viewBox=\"0 0 448 512\" xmlns=\"http:\/\/www.w3.org\/2000\/svg\"><path d=\"M400 32H48C21.49 32 0 53.49 0 80v352c0 26.51 21.49 48 48 48h352c26.51 0 48-21.49 48-48V80c0-26.51-21.49-48-48-48zm0 400H48V80h352v352zm-35.864-241.724L191.547 361.48c-4.705 4.667-12.303 4.637-16.97-.068l-90.781-91.516c-4.667-4.705-4.637-12.303.069-16.971l22.719-22.536c4.705-4.667 12.303-4.637 16.97.069l59.792 60.277 141.352-140.216c4.705-4.667 12.303-4.637 16.97.068l22.536 22.718c4.667 4.706 4.637 12.304-.068 16.971z\"><\/path><\/svg>\t\t\t\t\t\t<\/span>\n\t\t\t\t\t\t\t\t\t\t<span class=\"elementor-icon-list-text\">+100 mil cirurgias realizadas com excel\u00eancia<\/span>\n\t\t\t\t\t\t\t\t\t<\/li>\n\t\t\t\t\t\t\t\t<li class=\"elementor-icon-list-item\">\n\t\t\t\t\t\t\t\t\t\t\t<span class=\"elementor-icon-list-icon\">\n\t\t\t\t\t\t\t<svg aria-hidden=\"true\" class=\"e-font-icon-svg e-far-check-square\" viewBox=\"0 0 448 512\" xmlns=\"http:\/\/www.w3.org\/2000\/svg\"><path d=\"M400 32H48C21.49 32 0 53.49 0 80v352c0 26.51 21.49 48 48 48h352c26.51 0 48-21.49 48-48V80c0-26.51-21.49-48-48-48zm0 400H48V80h352v352zm-35.864-241.724L191.547 361.48c-4.705 4.667-12.303 4.637-16.97-.068l-90.781-91.516c-4.667-4.705-4.637-12.303.069-16.971l22.719-22.536c4.705-4.667 12.303-4.637 16.97.069l59.792 60.277 141.352-140.216c4.705-4.667 12.303-4.637 16.97.068l22.536 22.718c4.667 4.706 4.637 12.304-.068 16.971z\"><\/path><\/svg>\t\t\t\t\t\t<\/span>\n\t\t\t\t\t\t\t\t\t\t<span class=\"elementor-icon-list-text\">+70 unidades no Brasil e no mundo<br>Equipe m\u00e9dica formada pela Stanley\u2019s Edu<\/span>\n\t\t\t\t\t\t\t\t\t<\/li>\n\t\t\t\t\t\t\t\t<li class=\"elementor-icon-list-item\">\n\t\t\t\t\t\t\t\t\t\t\t<span class=\"elementor-icon-list-icon\">\n\t\t\t\t\t\t\t<svg aria-hidden=\"true\" class=\"e-font-icon-svg e-far-check-square\" viewBox=\"0 0 448 512\" xmlns=\"http:\/\/www.w3.org\/2000\/svg\"><path d=\"M400 32H48C21.49 32 0 53.49 0 80v352c0 26.51 21.49 48 48 48h352c26.51 0 48-21.49 48-48V80c0-26.51-21.49-48-48-48zm0 400H48V80h352v352zm-35.864-241.724L191.547 361.48c-4.705 4.667-12.303 4.637-16.97-.068l-90.781-91.516c-4.667-4.705-4.637-12.303.069-16.971l22.719-22.536c4.705-4.667 12.303-4.637 16.97.069l59.792 60.277 141.352-140.216c4.705-4.667 12.303-4.637 16.97.068l22.536 22.718c4.667 4.706 4.637 12.304-.068 16.971z\"><\/path><\/svg>\t\t\t\t\t\t<\/span>\n\t\t\t\t\t\t\t\t\t\t<span class=\"elementor-icon-list-text\">Atendimento humanizado em estrutura premium<\/span>\n\t\t\t\t\t\t\t\t\t<\/li>\n\t\t\t\t\t\t<\/ul>\n\t\t\t\t\t\t<\/div>\n\t\t\t\t<\/div>\n\t\t\t\t<div class=\"elementor-element elementor-element-17291d6 elementor-widget elementor-widget-html\" data-id=\"17291d6\" data-element_type=\"widget\" data-e-type=\"widget\" data-widget_type=\"html.default\">\n\t\t\t\t<div class=\"elementor-widget-container\">\n\t\t\t\t\t<!-- Bot\u00e3o WhatsApp Din\u00e2mico para Elementor -->\r\n<div id=\"wp-whatsapp-container\"><\/div>\r\n\r\n<style>\r\n  #wp-whatsapp-btn {\r\n    display: inline-block;\r\n    padding: 20px;\r\n    background-color: #2fb626;\r\n    color: white !important;\r\n    text-decoration: none !important;\r\n    border-radius: 5px;\r\n    font-family: sans-serif;\r\n    font-weight: bold;\r\n    font-size: 20px;\r\n    width: 100%;\r\n    text-align: center;\r\n    cursor: pointer;\r\n    box-sizing: border-box;\r\n  }\r\n<\/style>\r\n\r\n<script>\r\ndocument.addEventListener('DOMContentLoaded', function() {\r\n  try {\r\n    \/\/ Capturar par\u00e2metros da URL\r\n    var params = {};\r\n    window.location.search.substr(1).split('&').forEach(function(item) {\r\n      var pair = item.split('=');\r\n      if (pair[0]) params[pair[0]] = decodeURIComponent(pair[1] || '');\r\n    });\r\n\r\n    console.log(params);\r\n\r\n    \/\/ --- CONFIGURA\u00c7\u00d5ES ---\r\n    var apiUrl = 'https:\/\/api-entry-point-5wgenyc22q-uc.a.run.app\/analytics';\r\n    var defaultUrl = 'https:\/\/api.whatsapp.com\/send?phone=558005002515';\r\n    var buttonText = 'FALE NO WHATSAPP AGORA';\r\n    \/\/ --- FIM CONFIGURA\u00c7\u00d5ES ---\r\n\r\n    \/\/ Chamada \u00e0 API\r\n    fetch(apiUrl, {\r\n      method: 'POST',\r\n      headers: {'Content-Type': 'application\/json'},\r\n      body: JSON.stringify(params)\r\n    })\r\n    .then(response => response.json())\r\n    .then(data => {\r\n      createButton(data.whatsapp_link || defaultUrl);\r\n      console.log(data);\r\n    })\r\n    .catch(error => {\r\n      console.error('Erro API:', error);\r\n      createButton(defaultUrl);\r\n    });\r\n\r\n    \/\/ Fun\u00e7\u00e3o para criar o bot\u00e3o\r\n    function createButton(url) {\r\n      var container = document.getElementById('wp-whatsapp-container');\r\n      if (!container) return;\r\n      container.innerHTML = `<a href=\"${url}\" id=\"wp-whatsapp-btn\" target=\"_blank\" rel=\"noopener noreferrer\">${buttonText}<\/a>`;\r\n    }\r\n  } catch (e) {\r\n    console.error('Erro:', e);\r\n  }\r\n});\r\n<\/script>\r\n<!-- Fim do Bot\u00e3o WhatsApp Din\u00e2mico -->\r\n\t\t\t\t<\/div>\n\t\t\t\t<\/div>\n\t\t\t\t<\/div>\n\t\t\t\t<\/div>\n\t\t\t\t\t<\/div>\n\t\t\t\t<\/div>\n\t\t<div class=\"elementor-element elementor-element-41bae07 e-flex e-con-boxed e-con e-parent\" data-id=\"41bae07\" data-element_type=\"container\" data-e-type=\"container\">\n\t\t\t\t\t<div class=\"e-con-inner\">\n\t\t\t\t<div class=\"elementor-element elementor-element-c7dda2a elementor-widget elementor-widget-image\" data-id=\"c7dda2a\" data-element_type=\"widget\" data-e-type=\"widget\" data-widget_type=\"image.default\">\n\t\t\t\t<div class=\"elementor-widget-container\">\n\t\t\t\t\t\t\t\t\t\t\t\t\t\t\t<img loading=\"lazy\" decoding=\"async\" width=\"160\" height=\"21\" src=\"https:\/\/stanleys.com.br\/hair\/wp-content\/uploads\/2025\/03\/layer_1_1.webp\" class=\"attachment-full size-full wp-image-21407\" alt=\"\" srcset=\"https:\/\/stanleys.com.br\/hair\/wp-content\/uploads\/2025\/03\/layer_1_1.webp 160w, https:\/\/stanleys.com.br\/hair\/wp-content\/uploads\/2025\/03\/layer_1_1-150x21.webp 150w\" sizes=\"(max-width: 160px) 100vw, 160px\" \/>\t\t\t\t\t\t\t\t\t\t\t\t\t\t\t<\/div>\n\t\t\t\t<\/div>\n\t\t\t\t<div class=\"elementor-element elementor-element-6669773 elementor-widget__width-initial elementor-widget elementor-widget-heading\" data-id=\"6669773\" data-element_type=\"widget\" data-e-type=\"widget\" data-widget_type=\"heading.default\">\n\t\t\t\t<div class=\"elementor-widget-container\">\n\t\t\t\t\t<h2 class=\"elementor-heading-title elementor-size-default\">Stanleys Holding \u00a9 2024 | Todos os direitos reservados CNPJ  40.707.992\/0001-06\nAl. Rio Negro 500, Alphaville Industrial, Barueri - SP<\/h2>\t\t\t\t<\/div>\n\t\t\t\t<\/div>\n\t\t\t\t\t<\/div>\n\t\t\t\t<\/div>\n\t\t\t\t<\/div>\n\t\t","protected":false},"excerpt":{"rendered":"<p>\u00daltimas 05 vagas na Promo do Consumidor\u00a0CORRE Recupere seu cabelo com quem j\u00e1 transformou mais de 100 mil vidas. A Stanley\u2019s Hair \u00e9 a cl\u00ednica n\u00ba 1 no Brasil e no mundo quando o assunto \u00e9 calv\u00edcie, e garante: Procedimento com tecnologia exclusiva IFUEMAX Resultados naturais, sem limite de fol\u00edculos +100 mil cirurgias realizadas com [&hellip;]<\/p>\n","protected":false},"author":1,"featured_media":0,"parent":0,"menu_order":0,"comment_status":"closed","ping_status":"closed","template":"elementor_canvas","meta":{"footnotes":""},"class_list":["post-21566","page","type-page","status-publish","hentry"],"_links":{"self":[{"href":"https:\/\/stanleys.com.br\/hair\/wp-json\/wp\/v2\/pages\/21566","targetHints":{"allow":["GET"]}}],"collection":[{"href":"https:\/\/stanleys.com.br\/hair\/wp-json\/wp\/v2\/pages"}],"about":[{"href":"https:\/\/stanleys.com.br\/hair\/wp-json\/wp\/v2\/types\/page"}],"author":[{"embeddable":true,"href":"https:\/\/stanleys.com.br\/hair\/wp-json\/wp\/v2\/users\/1"}],"replies":[{"embeddable":true,"href":"https:\/\/stanleys.com.br\/hair\/wp-json\/wp\/v2\/comments?post=21566"}],"version-history":[{"count":0,"href":"https:\/\/stanleys.com.br\/hair\/wp-json\/wp\/v2\/pages\/21566\/revisions"}],"wp:attachment":[{"href":"https:\/\/stanleys.com.br\/hair\/wp-json\/wp\/v2\/media?parent=21566"}],"curies":[{"name":"wp","href":"https:\/\/api.w.org\/{rel}","templated":true}]}}